         {"id":1780,"date":"2023-09-23T23:44:21","date_gmt":"2023-09-23T23:44:21","guid":{"rendered":"https:\/\/mrtgarden.com.tr\/contact"},"modified":"2024-01-19T09:16:41","modified_gmt":"2024-01-19T09:16:41","slug":"contact","status":"publish","type":"page","link":"https:\/\/mrtgarden.com.tr\/en\/contact","title":{"rendered":"Contact"},"content":{"rendered":"<div id=\"quform-27f0f7\" class=\"quform quform-2 quform-theme-light quform-support-page-caching\"><form id=\"quform-form-27f0f7\" class=\"quform-form quform-form-2\" action=\"\/en\/wp-json\/wp\/v2\/pages\/1780#quform-27f0f7\" method=\"post\" enctype=\"multipart\/form-data\" novalidate=\"novalidate\" data-options=\"{&quot;id&quot;:2,&quot;uniqueId&quot;:&quot;27f0f7&quot;,&quot;theme&quot;:&quot;light&quot;,&quot;ajax&quot;:true,&quot;logic&quot;:{&quot;logic&quot;:[],&quot;dependents&quot;:[],&quot;elementIds&quot;:[],&quot;dependentElementIds&quot;:[],&quot;animate&quot;:true},&quot;currentPageId&quot;:1,&quot;errorsIcon&quot;:&quot;&quot;,&quot;updateFancybox&quot;:true,&quot;hasPages&quot;:false,&quot;pages&quot;:[1],&quot;pageProgressType&quot;:&quot;numbers&quot;,&quot;tooltipsEnabled&quot;:true,&quot;tooltipClasses&quot;:&quot;qtip-quform-dark qtip-shadow&quot;,&quot;tooltipMy&quot;:&quot;left center&quot;,&quot;tooltipAt&quot;:&quot;right center&quot;,&quot;isRtl&quot;:false,&quot;scrollOffset&quot;:-50,&quot;scrollSpeed&quot;:800}\"><button class=\"quform-default-submit\" name=\"quform_submit\" type=\"submit\" value=\"submit\" aria-hidden=\"true\" tabindex=\"-1\"><\/button><div class=\"quform-form-inner quform-form-inner-2\"><input type=\"hidden\" name=\"quform_form_id\" value=\"2\" \/><input type=\"hidden\" name=\"quform_form_uid\" value=\"27f0f7\" \/><input type=\"hidden\" name=\"quform_count\" value=\"1\" \/><input type=\"hidden\" name=\"form_url\" value=\"https:\/\/mrtgarden.com.tr\/en\/wp-json\/wp\/v2\/pages\/1780\" \/><input type=\"hidden\" name=\"referring_url\" value=\"\" \/><input type=\"hidden\" name=\"post_id\" value=\"\" \/><input type=\"hidden\" name=\"post_title\" value=\"\" \/><input type=\"hidden\" name=\"quform_current_page_id\" value=\"1\" \/><input type=\"hidden\" name=\"quform_csrf_token\" value=\"nj7s8b6LVb6cy4LstkTq5UH91LPaUj6Lj5GxrsM3\" \/><div class=\"quform-elements quform-elements-2 quform-cf quform-responsive-elements-phone-landscape\"><div class=\"quform-element quform-element-page quform-page-1 quform-page-2_1 quform-cf quform-group-style-plain quform-first-page quform-last-page quform-current-page\"><div class=\"quform-child-elements\"><div class=\"quform-element quform-element-group quform-element-2_3 quform-cf quform-group-style-plain\"><div class=\"quform-spacer\"><div class=\"quform-child-elements\"><div class=\"quform-element quform-element-row quform-element-row-2_5 quform-1-columns quform-element-row-size-fixed quform-responsive-columns-phone-landscape\"><div class=\"quform-element quform-element-column quform-element-2_6\"><div class=\"quform-element quform-element-text quform-element-2_9 quform-cf quform-labels-inside quform-element-required\"><div class=\"quform-spacer\"><div class=\"quform-label quform-label-2_9\"><label class=\"quform-label-text\" for=\"quform_2_9_27f0f7\">Ad\u0131n\u0131z Soyad\u0131n\u0131z<span class=\"quform-required\">*<\/span><\/label><\/div><div class=\"quform-inner quform-inner-text quform-inner-2_9\"><div class=\"quform-input quform-input-text quform-input-2_9 quform-cf quform-has-field-icon-left\"><input type=\"text\" id=\"quform_2_9_27f0f7\" name=\"quform_2_9\" class=\"quform-field quform-field-text quform-field-2_9\" \/><span class=\"quform-field-icon quform-field-icon-left\"><i class=\"fa fa-user\"><\/i><\/span><\/div><\/div><\/div><\/div><\/div><\/div><\/div><\/div><\/div><div class=\"quform-element quform-element-group quform-element-2_10 quform-cf quform-group-style-plain\"><div class=\"quform-spacer\"><div class=\"quform-child-elements\"><div class=\"quform-element quform-element-row quform-element-row-2_11 quform-2-columns quform-element-row-size-fixed quform-responsive-columns-phone-landscape\"><div class=\"quform-element quform-element-column quform-element-2_12\"><div class=\"quform-element quform-element-text quform-element-2_13 quform-cf quform-labels-inside quform-element-required\"><div class=\"quform-spacer\"><div class=\"quform-label quform-label-2_13\"><label class=\"quform-label-text\" for=\"quform_2_13_27f0f7\">E-Posta Adresiniz<span class=\"quform-required\">*<\/span><\/label><\/div><div class=\"quform-inner quform-inner-text quform-inner-2_13\"><div class=\"quform-input quform-input-text quform-input-2_13 quform-cf quform-has-field-icon-left\"><input type=\"text\" id=\"quform_2_13_27f0f7\" name=\"quform_2_13\" class=\"quform-field quform-field-text quform-field-2_13\" \/><span class=\"quform-field-icon quform-field-icon-left\"><i class=\"fa fa-envelope\"><\/i><\/span><\/div><\/div><\/div><\/div><\/div><div class=\"quform-element quform-element-column quform-element-2_14\"><div class=\"quform-element quform-element-text quform-element-2_15 quform-cf quform-labels-inside quform-element-optional\"><div class=\"quform-spacer\"><div class=\"quform-label quform-label-2_15\"><label class=\"quform-label-text\" for=\"quform_2_15_27f0f7\">Telefon Numaran\u0131z<\/label><\/div><div class=\"quform-inner quform-inner-text quform-inner-2_15\"><div class=\"quform-input quform-input-text quform-input-2_15 quform-cf quform-has-field-icon-left\"><input type=\"text\" id=\"quform_2_15_27f0f7\" name=\"quform_2_15\" class=\"quform-field quform-field-text quform-field-2_15\" \/><span class=\"quform-field-icon quform-field-icon-left\"><i class=\"fa fa-volume-control-phone\"><\/i><\/span><\/div><\/div><\/div><\/div><\/div><\/div><\/div><\/div><\/div><div class=\"quform-element quform-element-group quform-element-2_17 quform-cf quform-group-style-plain\"><div class=\"quform-spacer\"><div class=\"quform-child-elements\"><div class=\"quform-element quform-element-row quform-element-row-2_18 quform-1-columns quform-element-row-size-fixed quform-responsive-columns-phone-landscape\"><div class=\"quform-element quform-element-column quform-element-2_19\"><div class=\"quform-element quform-element-textarea quform-element-2_21 quform-cf quform-labels-inside quform-element-required\"><div class=\"quform-spacer\"><div class=\"quform-label quform-label-2_21\"><label class=\"quform-label-text\" for=\"quform_2_21_27f0f7\">Mesaj\u0131n\u0131z<span class=\"quform-required\">*<\/span><\/label><\/div><div class=\"quform-inner quform-inner-textarea quform-inner-2_21\"><div class=\"quform-input quform-input-textarea quform-input-2_21 quform-cf\"><textarea id=\"quform_2_21_27f0f7\" name=\"quform_2_21\" class=\"quform-field quform-field-textarea quform-field-2_21\"><\/textarea><\/div><\/div><\/div><\/div><\/div><\/div><\/div><\/div><\/div><div class=\"quform-element quform-element-submit quform-element-2_2 quform-cf quform-button-style-shine-gradient quform-button-size-fat quform-button-width-large\"><div class=\"quform-button-submit quform-button-submit-default quform-button-submit-2_2\"><button name=\"quform_submit\" type=\"submit\" class=\"quform-submit\" value=\"submit\"><span class=\"quform-button-text quform-button-submit-text\">Send<\/span><\/button><\/div><div class=\"quform-loading quform-loading-position-left quform-loading-type-spinner-1\"><div class=\"quform-loading-inner\"><div class=\"quform-loading-spinner\"><div class=\"quform-loading-spinner-inner\"><\/div><\/div><\/div><\/div><\/div><div class=\"quform-element-tree\"><label for=\"quform_2_0_27f0f7\">This field should be left blank<\/label><input type=\"text\" id=\"quform_2_0_27f0f7\" name=\"quform_2_0\" class=\"quform-field quform-field-tree quform-field-2_0\" tabindex=\"-1\" autocomplete=\"off\" \/><\/div><\/div><\/div><\/div><\/div><\/form><\/div>\n","protected":false},"excerpt":{"rendered":"","protected":false},"author":1,"featured_media":0,"parent":0,"menu_order":0,"comment_status":"closed","ping_status":"closed","template":"page-contact.php","meta":{"footnotes":""},"class_list":["post-1780","page","type-page","status-publish","hentry"],"acf":[],"_links":{"self":[{"href":"https:\/\/mrtgarden.com.tr\/en\/wp-json\/wp\/v2\/pages\/1780","targetHints":{"allow":["GET"]}}],"collection":[{"href":"https:\/\/mrtgarden.com.tr\/en\/wp-json\/wp\/v2\/pages"}],"about":[{"href":"https:\/\/mrtgarden.com.tr\/en\/wp-json\/wp\/v2\/types\/page"}],"author":[{"embeddable":true,"href":"https:\/\/mrtgarden.com.tr\/en\/wp-json\/wp\/v2\/users\/1"}],"replies":[{"embeddable":true,"href":"https:\/\/mrtgarden.com.tr\/en\/wp-json\/wp\/v2\/comments?post=1780"}],"version-history":[{"count":8,"href":"https:\/\/mrtgarden.com.tr\/en\/wp-json\/wp\/v2\/pages\/1780\/revisions"}],"predecessor-version":[{"id":1807,"href":"https:\/\/mrtgarden.com.tr\/en\/wp-json\/wp\/v2\/pages\/1780\/revisions\/1807"}],"wp:attachment":[{"href":"https:\/\/mrtgarden.com.tr\/en\/wp-json\/wp\/v2\/media?parent=1780"}],"curies":[{"name":"wp","href":"https:\/\/api.w.org\/{rel}","templated":true}]}}